{"id":94,"date":"2023-02-12T09:10:41","date_gmt":"2023-02-12T09:10:41","guid":{"rendered":"https:\/\/hradectanec.cz\/new\/?page_id=94"},"modified":"2023-02-12T09:19:17","modified_gmt":"2023-02-12T09:19:17","slug":"vystoupeni-2","status":"publish","type":"page","link":"https:\/\/hradectanec.cz\/index.php\/vystoupeni-2\/","title":{"rendered":"Vystoupen\u00ed"},"content":{"rendered":"\n<div class=\"wp-block-cover alignfull wp-duotone-unset-1\" style=\"min-height:572px;aspect-ratio:unset;\"><span aria-hidden=\"true\" class=\"wp-block-cover__background has-ast-global-color-7-background-color has-background-dim-30 has-background-dim\"><\/span><img loading=\"lazy\" decoding=\"async\" width=\"2560\" height=\"1322\" class=\"wp-block-cover__image-background wp-image-26\" alt=\"\" src=\"https:\/\/hradectanec.cz\/new\/wp-content\/uploads\/2023\/02\/dthk.jpg\" style=\"object-position:50% 30%\" data-object-fit=\"cover\" data-object-position=\"50% 30%\" srcset=\"https:\/\/hradectanec.cz\/wp-content\/uploads\/2023\/02\/dthk.jpg 2560w, https:\/\/hradectanec.cz\/wp-content\/uploads\/2023\/02\/dthk-300x155.jpg 300w, https:\/\/hradectanec.cz\/wp-content\/uploads\/2023\/02\/dthk-1024x529.jpg 1024w, https:\/\/hradectanec.cz\/wp-content\/uploads\/2023\/02\/dthk-768x397.jpg 768w, https:\/\/hradectanec.cz\/wp-content\/uploads\/2023\/02\/dthk-1536x793.jpg 1536w, https:\/\/hradectanec.cz\/wp-content\/uploads\/2023\/02\/dthk-2048x1058.jpg 2048w\" sizes=\"auto, (max-width: 2560px) 100vw, 2560px\" \/><div class=\"wp-block-cover__inner-container is-layout-flow wp-block-cover-is-layout-flow\">\n<h2 class=\"wp-block-heading\">VYSTOUPEN\u00cd<\/h2>\n<\/div><\/div>\n\n\n\n<div style=\"height:62px\" aria-hidden=\"true\" class=\"wp-block-spacer\"><\/div>\n\n\n\n<p>Nab\u00edz\u00edme tane\u010dn\u00ed vystoupen\u00ed formace Standard Mix s n\u00e1zvem \u201eMELANGE\u201c, kter\u00e1 se skl\u00e1d\u00e1 z prol\u00edn\u00e1n\u00ed tanc\u016f waltz, tango, val\u010d\u00edk, foxtrot a quickstep. Jedn\u00e1 se o p\u0159edtan\u010den\u00ed na sou\u010dasnou tane\u010dn\u00ed hudbu, p\u0159ev\u00e1\u017en\u011b zp\u00edvanou francouzsky. Tane\u010dn\u00ed p\u00e1ry vytv\u00e1\u0159ej\u00ed na hudebn\u00ed p\u0159edlohu p\u0159esn\u00e9 grafick\u00e9 obrazce, kter\u00e9 se b\u011bhem n\u011bkolika krok\u016f m\u011bn\u00ed na jin\u00e9. Vystoupen\u00ed \u2013 p\u0159edtan\u010den\u00ed je skv\u011bl\u00fdm zpest\u0159en\u00edm spole\u010densk\u00fdch akc\u00ed.<\/p>\n\n\n\n<p>D\u00e1le nab\u00edz\u00edme p\u0159edtan\u010den\u00ed jednotliv\u00fdch p\u00e1r\u016f.<\/p>\n\n\n\n<p>V p\u0159\u00edpad\u011b z\u00e1jmu n\u00e1s nev\u00e1hejte kontaktovat.<\/p>\n","protected":false},"excerpt":{"rendered":"<p>Nab\u00edz\u00edme tane\u010dn\u00ed vystoupen\u00ed formace Standard Mix s n\u00e1zvem \u201eMELANGE\u201c, kter\u00e1 se skl\u00e1d\u00e1 z prol\u00edn\u00e1n\u00ed tanc\u016f waltz, tango, val\u010d\u00edk, foxtrot a quickstep. Jedn\u00e1 se o p\u0159edtan\u010den\u00ed na sou\u010dasnou tane\u010dn\u00ed hudbu, p\u0159ev\u00e1\u017en\u011b zp\u00edvanou francouzsky. Tane\u010dn\u00ed p\u00e1ry vytv\u00e1\u0159ej\u00ed na hudebn\u00ed p\u0159edlohu p\u0159esn\u00e9 grafick\u00e9 obrazce, kter\u00e9 se b\u011bhem n\u011bkolika krok\u016f m\u011bn\u00ed na jin\u00e9. Vystoupen\u00ed \u2013 p\u0159edtan\u010den\u00ed je skv\u011bl\u00fdm zpest\u0159en\u00edm [&hellip;]<\/p>\n","protected":false},"author":1,"featured_media":0,"parent":0,"menu_order":3,"comment_status":"closed","ping_status":"closed","template":"","meta":{"site-sidebar-layout":"default","site-content-layout":"","ast-site-content-layout":"","site-content-style":"default","site-sidebar-style":"default","ast-global-header-display":"","ast-banner-title-visibility":"","ast-main-header-display":"","ast-hfb-above-header-display":"","ast-hfb-below-header-display":"","ast-hfb-mobile-header-display":"","site-post-title":"disabled","ast-breadcrumbs-content":"","ast-featured-img":"","footer-sml-layout":"","theme-transparent-header-meta":"","adv-header-id-meta":"","stick-header-meta":"","header-above-stick-meta":"","header-main-stick-meta":"","header-below-stick-meta":"","astra-migrate-meta-layouts":"default","ast-page-background-enabled":"default","ast-page-background-meta":{"desktop":{"background-color":"var(--ast-global-color-4)","background-image":"","background-repeat":"repeat","background-position":"center center","background-size":"auto","background-attachment":"scroll","background-type":"","background-media":"","overlay-type":"","overlay-color":"","overlay-gradient":""},"tablet":{"background-color":"","background-image":"","background-repeat":"repeat","background-position":"center center","background-size":"auto","background-attachment":"scroll","background-type":"","background-media":"","overlay-type":"","overlay-color":"","overlay-gradient":""},"mobile":{"background-color":"","background-image":"","background-repeat":"repeat","background-position":"center center","background-size":"auto","background-attachment":"scroll","background-type":"","background-media":"","overlay-type":"","overlay-color":"","overlay-gradient":""}},"ast-content-background-meta":{"desktop":{"background-color":"var(--ast-global-color-5)","background-image":"","background-repeat":"repeat","background-position":"center center","background-size":"auto","background-attachment":"scroll","background-type":"","background-media":"","overlay-type":"","overlay-color":"","overlay-gradient":""},"tablet":{"background-color":"var(--ast-global-color-5)","background-image":"","background-repeat":"repeat","background-position":"center center","background-size":"auto","background-attachment":"scroll","background-type":"","background-media":"","overlay-type":"","overlay-color":"","overlay-gradient":""},"mobile":{"background-color":"var(--ast-global-color-5)","background-image":"","background-repeat":"repeat","background-position":"center center","background-size":"auto","background-attachment":"scroll","background-type":"","background-media":"","overlay-type":"","overlay-color":"","overlay-gradient":""}},"footnotes":""},"class_list":["post-94","page","type-page","status-publish","hentry"],"_links":{"self":[{"href":"https:\/\/hradectanec.cz\/index.php\/wp-json\/wp\/v2\/pages\/94","targetHints":{"allow":["GET"]}}],"collection":[{"href":"https:\/\/hradectanec.cz\/index.php\/wp-json\/wp\/v2\/pages"}],"about":[{"href":"https:\/\/hradectanec.cz\/index.php\/wp-json\/wp\/v2\/types\/page"}],"author":[{"embeddable":true,"href":"https:\/\/hradectanec.cz\/index.php\/wp-json\/wp\/v2\/users\/1"}],"replies":[{"embeddable":true,"href":"https:\/\/hradectanec.cz\/index.php\/wp-json\/wp\/v2\/comments?post=94"}],"version-history":[{"count":1,"href":"https:\/\/hradectanec.cz\/index.php\/wp-json\/wp\/v2\/pages\/94\/revisions"}],"predecessor-version":[{"id":95,"href":"https:\/\/hradectanec.cz\/index.php\/wp-json\/wp\/v2\/pages\/94\/revisions\/95"}],"wp:attachment":[{"href":"https:\/\/hradectanec.cz\/index.php\/wp-json\/wp\/v2\/media?parent=94"}],"curies":[{"name":"wp","href":"https:\/\/api.w.org\/{rel}","templated":true}]}}