{"id":74,"date":"2023-02-12T09:08:01","date_gmt":"2023-02-12T09:08:01","guid":{"rendered":"https:\/\/hradectanec.cz\/new\/?page_id=74"},"modified":"2023-02-12T09:19:20","modified_gmt":"2023-02-12T09:19:20","slug":"treninky-2","status":"publish","type":"page","link":"https:\/\/hradectanec.cz\/index.php\/treninky-2\/","title":{"rendered":"Tr\u00e9ninky"},"content":{"rendered":"\n<div class=\"wp-block-cover alignfull wp-duotone-unset-1\" style=\"min-height:572px;aspect-ratio:unset;\"><span aria-hidden=\"true\" class=\"wp-block-cover__background has-ast-global-color-7-background-color has-background-dim-30 has-background-dim\"><\/span><img loading=\"lazy\" decoding=\"async\" width=\"2560\" height=\"1322\" class=\"wp-block-cover__image-background wp-image-26\" alt=\"\" src=\"https:\/\/hradectanec.cz\/new\/wp-content\/uploads\/2023\/02\/dthk.jpg\" style=\"object-position:50% 30%\" data-object-fit=\"cover\" data-object-position=\"50% 30%\" srcset=\"https:\/\/hradectanec.cz\/wp-content\/uploads\/2023\/02\/dthk.jpg 2560w, https:\/\/hradectanec.cz\/wp-content\/uploads\/2023\/02\/dthk-300x155.jpg 300w, https:\/\/hradectanec.cz\/wp-content\/uploads\/2023\/02\/dthk-1024x529.jpg 1024w, https:\/\/hradectanec.cz\/wp-content\/uploads\/2023\/02\/dthk-768x397.jpg 768w, https:\/\/hradectanec.cz\/wp-content\/uploads\/2023\/02\/dthk-1536x793.jpg 1536w, https:\/\/hradectanec.cz\/wp-content\/uploads\/2023\/02\/dthk-2048x1058.jpg 2048w\" sizes=\"auto, (max-width: 2560px) 100vw, 2560px\" \/><div class=\"wp-block-cover__inner-container is-layout-flow wp-block-cover-is-layout-flow\">\n<h2 class=\"wp-block-heading\">TR\u00c9NINKY<\/h2>\n<\/div><\/div>\n\n\n\n<div style=\"height:62px\" aria-hidden=\"true\" class=\"wp-block-spacer\"><\/div>\n\n\n\n<h3 class=\"wp-block-heading\">Rozpis tr\u00e9nink\u016f na Z\u0160 M.Hor\u00e1kov\u00e9 a Z\u0160 Habrmanova, Hradec Kr\u00e1lov\u00e9<\/h3>\n\n\n\n<p>Tr\u00e9ninky Formac\u00ed jsou pro tane\u010dn\u00ed p\u00e1ry tancuj\u00edc\u00ed tane\u010dn\u00ed formace a dal\u0161\u00ed z\u00e1jemce o tuto formu tance.<br>Tr\u00e9ninky &#8211; tane\u010dn\u00ed p\u00e1ry jsou tr\u00e9ninky tane\u010dn\u00edch p\u00e1r\u016f, kter\u00e9 se v\u011bnuj\u00ed tanci jak hobby, tak sout\u011b\u017en\u011b.<\/p>\n\n\n\n<p>Na ka\u017ed\u00e9m tr\u00e9ninku je p\u0159\u00edtomen minim\u00e1ln\u011b jeden z tren\u00e9r\u016f Dance Teamu Hradec Kr\u00e1lov\u00e9.<br>P\u0159ij\u010fte si vyzkou\u0161et tane\u010dn\u00ed dovednosti pod veden\u00edm \u0161pi\u010dkov\u00fdch tane\u010dn\u00edk\u016f a tren\u00e9r\u016f. Zveme \u0161irokou ve\u0159ejnost.<\/p>\n","protected":false},"excerpt":{"rendered":"<p>Rozpis tr\u00e9nink\u016f na Z\u0160 M.Hor\u00e1kov\u00e9 a Z\u0160 Habrmanova, Hradec Kr\u00e1lov\u00e9 Tr\u00e9ninky Formac\u00ed jsou pro tane\u010dn\u00ed p\u00e1ry tancuj\u00edc\u00ed tane\u010dn\u00ed formace a dal\u0161\u00ed z\u00e1jemce o tuto formu tance.Tr\u00e9ninky &#8211; tane\u010dn\u00ed p\u00e1ry jsou tr\u00e9ninky tane\u010dn\u00edch p\u00e1r\u016f, kter\u00e9 se v\u011bnuj\u00ed tanci jak hobby, tak sout\u011b\u017en\u011b. Na ka\u017ed\u00e9m tr\u00e9ninku je p\u0159\u00edtomen minim\u00e1ln\u011b jeden z tren\u00e9r\u016f Dance Teamu Hradec Kr\u00e1lov\u00e9.P\u0159ij\u010fte si [&hellip;]<\/p>\n","protected":false},"author":1,"featured_media":0,"parent":0,"menu_order":4,"comment_status":"closed","ping_status":"closed","template":"","meta":{"site-sidebar-layout":"default","site-content-layout":"","ast-site-content-layout":"","site-content-style":"default","site-sidebar-style":"default","ast-global-header-display":"","ast-banner-title-visibility":"","ast-main-header-display":"","ast-hfb-above-header-display":"","ast-hfb-below-header-display":"","ast-hfb-mobile-header-display":"","site-post-title":"disabled","ast-breadcrumbs-content":"","ast-featured-img":"","footer-sml-layout":"","theme-transparent-header-meta":"","adv-header-id-meta":"","stick-header-meta":"","header-above-stick-meta":"","header-main-stick-meta":"","header-below-stick-meta":"","astra-migrate-meta-layouts":"default","ast-page-background-enabled":"default","ast-page-background-meta":{"desktop":{"background-color":"var(--ast-global-color-4)","background-image":"","background-repeat":"repeat","background-position":"center center","background-size":"auto","background-attachment":"scroll","background-type":"","background-media":"","overlay-type":"","overlay-color":"","overlay-gradient":""},"tablet":{"background-color":"","background-image":"","background-repeat":"repeat","background-position":"center center","background-size":"auto","background-attachment":"scroll","background-type":"","background-media":"","overlay-type":"","overlay-color":"","overlay-gradient":""},"mobile":{"background-color":"","background-image":"","background-repeat":"repeat","background-position":"center center","background-size":"auto","background-attachment":"scroll","background-type":"","background-media":"","overlay-type":"","overlay-color":"","overlay-gradient":""}},"ast-content-background-meta":{"desktop":{"background-color":"var(--ast-global-color-5)","background-image":"","background-repeat":"repeat","background-position":"center center","background-size":"auto","background-attachment":"scroll","background-type":"","background-media":"","overlay-type":"","overlay-color":"","overlay-gradient":""},"tablet":{"background-color":"var(--ast-global-color-5)","background-image":"","background-repeat":"repeat","background-position":"center center","background-size":"auto","background-attachment":"scroll","background-type":"","background-media":"","overlay-type":"","overlay-color":"","overlay-gradient":""},"mobile":{"background-color":"var(--ast-global-color-5)","background-image":"","background-repeat":"repeat","background-position":"center center","background-size":"auto","background-attachment":"scroll","background-type":"","background-media":"","overlay-type":"","overlay-color":"","overlay-gradient":""}},"footnotes":""},"class_list":["post-74","page","type-page","status-publish","hentry"],"_links":{"self":[{"href":"https:\/\/hradectanec.cz\/index.php\/wp-json\/wp\/v2\/pages\/74","targetHints":{"allow":["GET"]}}],"collection":[{"href":"https:\/\/hradectanec.cz\/index.php\/wp-json\/wp\/v2\/pages"}],"about":[{"href":"https:\/\/hradectanec.cz\/index.php\/wp-json\/wp\/v2\/types\/page"}],"author":[{"embeddable":true,"href":"https:\/\/hradectanec.cz\/index.php\/wp-json\/wp\/v2\/users\/1"}],"replies":[{"embeddable":true,"href":"https:\/\/hradectanec.cz\/index.php\/wp-json\/wp\/v2\/comments?post=74"}],"version-history":[{"count":1,"href":"https:\/\/hradectanec.cz\/index.php\/wp-json\/wp\/v2\/pages\/74\/revisions"}],"predecessor-version":[{"id":75,"href":"https:\/\/hradectanec.cz\/index.php\/wp-json\/wp\/v2\/pages\/74\/revisions\/75"}],"wp:attachment":[{"href":"https:\/\/hradectanec.cz\/index.php\/wp-json\/wp\/v2\/media?parent=74"}],"curies":[{"name":"wp","href":"https:\/\/api.w.org\/{rel}","templated":true}]}}