{"id":6,"date":"2023-02-11T19:45:42","date_gmt":"2023-02-11T19:45:42","guid":{"rendered":"https:\/\/hradectanec.cz\/new\/?page_id=6"},"modified":"2026-03-17T20:37:30","modified_gmt":"2026-03-17T20:37:30","slug":"domu","status":"publish","type":"page","link":"https:\/\/hradectanec.cz\/","title":{"rendered":"\u00davod"},"content":{"rendered":"\n<div class=\"wp-block-cover alignfull wp-duotone-unset-1\" style=\"min-height:572px;aspect-ratio:unset;\"><img loading=\"lazy\" decoding=\"async\" width=\"2560\" height=\"1322\" class=\"wp-block-cover__image-background wp-image-26\" alt=\"\" src=\"https:\/\/hradectanec.cz\/new\/wp-content\/uploads\/2023\/02\/dthk.jpg\" style=\"object-position:50% 30%\" data-object-fit=\"cover\" data-object-position=\"50% 30%\" srcset=\"https:\/\/hradectanec.cz\/wp-content\/uploads\/2023\/02\/dthk.jpg 2560w, https:\/\/hradectanec.cz\/wp-content\/uploads\/2023\/02\/dthk-300x155.jpg 300w, https:\/\/hradectanec.cz\/wp-content\/uploads\/2023\/02\/dthk-1024x529.jpg 1024w, https:\/\/hradectanec.cz\/wp-content\/uploads\/2023\/02\/dthk-768x397.jpg 768w, https:\/\/hradectanec.cz\/wp-content\/uploads\/2023\/02\/dthk-1536x793.jpg 1536w, https:\/\/hradectanec.cz\/wp-content\/uploads\/2023\/02\/dthk-2048x1058.jpg 2048w\" sizes=\"auto, (max-width: 2560px) 100vw, 2560px\" \/><span aria-hidden=\"true\" class=\"wp-block-cover__background has-ast-global-color-7-background-color has-background-dim-30 has-background-dim\"><\/span><div class=\"wp-block-cover__inner-container is-layout-flow wp-block-cover-is-layout-flow\">\n<h2 class=\"wp-block-heading\">\u00daVOD<\/h2>\n<\/div><\/div>\n\n\n\n<div style=\"height:62px\" aria-hidden=\"true\" class=\"wp-block-spacer\"><\/div>\n\n\n\n<div class=\"wp-block-media-text alignwide is-stacked-on-mobile is-vertically-aligned-center has-ast-global-color-6-background-color has-background\" style=\"grid-template-columns:38% auto\"><figure class=\"wp-block-media-text__media\"><a href=\"hkopen.cz\"><img loading=\"lazy\" decoding=\"async\" width=\"467\" height=\"996\" src=\"https:\/\/hradectanec.cz\/wp-content\/uploads\/2026\/03\/Snimek-obrazovky-2026-03-17-213439.png\" alt=\"\" class=\"wp-image-126 size-full\" srcset=\"https:\/\/hradectanec.cz\/wp-content\/uploads\/2026\/03\/Snimek-obrazovky-2026-03-17-213439.png 467w, https:\/\/hradectanec.cz\/wp-content\/uploads\/2026\/03\/Snimek-obrazovky-2026-03-17-213439-141x300.png 141w\" sizes=\"auto, (max-width: 467px) 100vw, 467px\" \/><\/a><\/figure><div class=\"wp-block-media-text__content\">\n<p><strong><mark style=\"background-color:rgba(0, 0, 0, 0)\" class=\"has-inline-color has-ast-global-color-0-color\">Aktualita<\/mark><\/strong><\/p>\n\n\n\n<p>Hradec Kr\u00e1lov\u00e9 Open 2026 &#8211; WDSF International Open<br>29. &#8211; 30.8.2026<\/p>\n\n\n\n<p>Bude to ji\u017e 37. ro\u010dn\u00edk sout\u011b\u017ee a bude se konat ve dnech 29 &#8211; 30.8.2026 v Kongresov\u00e9m centru ALDIS v Hradci Kr\u00e1lov\u00e9. Leto\u0161n\u00ed ro\u010dn\u00edk p\u0159ivede do Hradce Kr\u00e1lov\u00e9 op\u011bt sv\u011btovou tane\u010dn\u00ed \u0161pi\u010dku ve sdandardn\u00edch i latinskoamerick\u00fdch tanc\u00edch. Vyvrcholen\u00edm budou sout\u011b\u017ee WDSF International Open ve standardn\u00edch a altinskoamerick\u00fdch tanc\u00edch. Pro Hradec Kr\u00e1lov\u00e9 nem\u00e9n\u011b v\u00fdznamn\u00e9 budou sout\u011b\u017ee Junior\u016f I. a II. ; Ml\u00e1de\u017ee ; v\u011bkov\u00e9 ktg.do 21 let ; dosp\u011bl\u00fdch a seniorsk\u00fdch tane\u010dn\u00edch\u00a0 p\u00e1r\u016f, kdy tane\u010dn\u00ed p\u00e1ry z\u00edsk\u00e1vaj\u00ed body do mezin\u00e1rodn\u00edho rankingov\u00e9ho po\u0159ad\u00ed &#8211; sv\u011btov\u00fd \u017eeb\u0159\u00ed\u010dek. Div\u00e1k\u016fm se p\u0159edtav\u00ed skute\u010dn\u011b pestr\u00e1 paleta tane\u010dn\u00edch p\u00e1r\u016f v\u0161ech v\u011bkov\u00fdch skupin z cel\u00e9ho sv\u011bta. P\u0159edpokl\u00e1d\u00e1me, \u017ee leto\u0161n\u00edho ro\u010dn\u00edku se z\u00fa\u010dastn\u00ed na 600 tane\u010dn\u00edch p\u00e1r\u016f ze v\u0161ech sv\u011btov\u00fdch kontinent\u016f. \u010cesk\u00e1 televize zhotov\u00ed z t\u00e9to akce televizn\u00ed po\u0159ad.<\/p>\n\n\n\n<p>T\u011b\u0161\u00edme se na v\u00e1s n\u00e1v\u0161t\u011bvn\u00edky leto\u0161n\u00edho 37. ro\u010dn\u00edku t\u00e9to sout\u011b\u017ee.<\/p>\n<\/div><\/div>\n\n\n\n<div style=\"height:36px\" aria-hidden=\"true\" class=\"wp-block-spacer\"><\/div>\n\n\n\n<p>Jsme nov\u011b vznikl\u00e9 seskupen\u00ed tane\u010dn\u00edch p\u00e1r\u016f a nad\u0161enc\u016f pro tanec, kter\u00e9 navazuje na mnohaletou tradici Tane\u010dn\u00ed \u0161koly KROK v Hradci Kr\u00e1lov\u00e9 a to zejm\u00e9na ve forma\u010dn\u00edm tanci. Vznik t\u00fdmu se datuje ke konci z\u00e1\u0159\u00ed 2017. Pod tren\u00e9rsk\u00fdm veden\u00edm man\u017eel\u016f Jany a Jaroslava Krti\u010dkov\u00fdch jsme vytvo\u0159ili za 6 t\u00fddn\u016f p\u0159\u00edprav formaci v\u010detn\u011b nov\u00fdch \u0161at\u016f a hudebn\u00ed p\u0159edlohy.<\/p>\n\n\n\n<p>Na Mistrovstv\u00ed \u010cR ve formac\u00edch, kter\u00e9 se konalo 11.11.2017 v \u00dast\u00ed nad Labem, jsme se um\u00edstili na 3. m\u00edst\u011b a t\u00edm se stali druh\u00fdm vicemistrem \u010cR pro rok 2017. Skv\u011bl\u00e9 p\u0159edstaven\u00ed na\u0161eho tane\u010dn\u00edho t\u00fdmu bylo patrn\u00e9 ze z\u00e1znamu \u010cT 4, kter\u00fd byl vys\u00edl\u00e1n ji\u017e v n\u011bkolika repr\u00edz\u00e1ch. Z\u00e1znam je dostupn\u00fd v archivu \u010cT a m\u016f\u017eete ho shl\u00e9dnout prost\u0159ednictv\u00edm odkazu v prav\u00e9m horn\u00edm rohu str\u00e1nky. Na\u0161e vystoupen\u00ed za\u010d\u00edn\u00e1 v \u010dase 1:11:54.<\/p>\n\n\n\n<p>Jsme r\u00e1di \u017ee do sv\u00fdch \u0159ad m\u016f\u017eeme pozvat dal\u0161\u00ed z\u00e1jemce o tanec v r\u016fzn\u00fdch v\u011bkov\u00fdch kategori\u00edch. T\u011b\u0161\u00edme se na setk\u00e1n\u00ed s v\u00e1mi v na\u0161em domovsk\u00e9m tr\u00e9ninkov\u00e9m centru v Z\u0160 M. Hor\u00e1kov\u00e9 v Hradci Kr\u00e1lov\u00e9. D\u011bkujeme za p\u0159\u00edkladnou spolupr\u00e1ci p\u0159i podpo\u0159e sportovn\u00ed \u010dinnosti.<\/p>\n\n\n\n<p>Na\u0161\u00edm dal\u0161\u00edm \u00fasp\u011bchem je tentokr\u00e1t 2. m\u00edsto na Mistrovstv\u00ed \u010cR ve formac\u00edch, kter\u00e9 se konalo 3.11.2018 v \u00dast\u00ed nad Labem. Stali jsme se tak vicemistrem \u010cR pro tento rok. Na\u0161e vystoupen\u00ed si m\u016f\u017eete prohl\u00e9dnout n\u00ed\u017ee.<\/p>\n\n\n\n<p>Dne 5.1.2019 byli v r\u00e1mci Galave\u010dera tane\u010dn\u00edho sportu uvedeni do s\u00edn\u011b sl\u00e1vy za celo\u017eivotn\u00ed pr\u00e1ci v oblasti tane\u010dn\u00edho sportu na\u0161i tren\u00e9\u0159i man\u017eel\u00e9 Jana a Jaroslav Krti\u010dkovi. D\u011bkujeme.<\/p>\n\n\n\n<p><\/p>\n\n\n\n<figure class=\"wp-block-embed is-type-video is-provider-youtube wp-block-embed-youtube wp-embed-aspect-16-9 wp-has-aspect-ratio\"><div class=\"wp-block-embed__wrapper\">\n<div class=\"ast-oembed-container \" style=\"height: 100%;\"><iframe loading=\"lazy\" title=\"M\u010cR STT formac\u00ed 2018\" width=\"500\" height=\"281\" src=\"https:\/\/www.youtube.com\/embed\/UcViasgYGfA?feature=oembed\" frameborder=\"0\" allow=\"accelerometer; autoplay; clipboard-write; encrypted-media; gyroscope; picture-in-picture; web-share\" referrerpolicy=\"strict-origin-when-cross-origin\" allowfullscreen><\/iframe><\/div>\n<\/div><\/figure>\n\n\n\n<p>D\u011bkujeme firm\u00e1m Zich a spol., s.r.o. a TFG reality s.r.o., \u017ee podporuj\u00ed n\u00e1\u0161 t\u00fdm.<\/p>\n","protected":false},"excerpt":{"rendered":"<p>Aktualita Hradec Kr\u00e1lov\u00e9 Open 2026 &#8211; WDSF International Open29. &#8211; 30.8.2026 Bude to ji\u017e 37. ro\u010dn\u00edk sout\u011b\u017ee a bude se konat ve dnech 29 &#8211; 30.8.2026 v Kongresov\u00e9m centru ALDIS v Hradci Kr\u00e1lov\u00e9. Leto\u0161n\u00ed ro\u010dn\u00edk p\u0159ivede do Hradce Kr\u00e1lov\u00e9 op\u011bt sv\u011btovou tane\u010dn\u00ed \u0161pi\u010dku ve sdandardn\u00edch i latinskoamerick\u00fdch tanc\u00edch. Vyvrcholen\u00edm budou sout\u011b\u017ee WDSF International Open ve [&hellip;]<\/p>\n","protected":false},"author":1,"featured_media":0,"parent":0,"menu_order":1,"comment_status":"closed","ping_status":"closed","template":"","meta":{"site-sidebar-layout":"default","site-content-layout":"","ast-site-content-layout":"default","site-content-style":"default","site-sidebar-style":"default","ast-global-header-display":"","ast-banner-title-visibility":"","ast-main-header-display":"","ast-hfb-above-header-display":"","ast-hfb-below-header-display":"","ast-hfb-mobile-header-display":"","site-post-title":"disabled","ast-breadcrumbs-content":"","ast-featured-img":"","footer-sml-layout":"","theme-transparent-header-meta":"","adv-header-id-meta":"","stick-header-meta":"","header-above-stick-meta":"","header-main-stick-meta":"","header-below-stick-meta":"","astra-migrate-meta-layouts":"set","ast-page-background-enabled":"default","ast-page-background-meta":{"desktop":{"background-color":"var(--ast-global-color-4)","background-image":"","background-repeat":"repeat","background-position":"center center","background-size":"auto","background-attachment":"scroll","background-type":"","background-media":"","overlay-type":"","overlay-color":"","overlay-gradient":""},"tablet":{"background-color":"","background-image":"","background-repeat":"repeat","background-position":"center center","background-size":"auto","background-attachment":"scroll","background-type":"","background-media":"","overlay-type":"","overlay-color":"","overlay-gradient":""},"mobile":{"background-color":"","background-image":"","background-repeat":"repeat","background-position":"center center","background-size":"auto","background-attachment":"scroll","background-type":"","background-media":"","overlay-type":"","overlay-color":"","overlay-gradient":""}},"ast-content-background-meta":{"desktop":{"background-color":"var(--ast-global-color-5)","background-image":"","background-repeat":"repeat","background-position":"center center","background-size":"auto","background-attachment":"scroll","background-type":"","background-media":"","overlay-type":"","overlay-color":"","overlay-gradient":""},"tablet":{"background-color":"var(--ast-global-color-5)","background-image":"","background-repeat":"repeat","background-position":"center center","background-size":"auto","background-attachment":"scroll","background-type":"","background-media":"","overlay-type":"","overlay-color":"","overlay-gradient":""},"mobile":{"background-color":"var(--ast-global-color-5)","background-image":"","background-repeat":"repeat","background-position":"center center","background-size":"auto","background-attachment":"scroll","background-type":"","background-media":"","overlay-type":"","overlay-color":"","overlay-gradient":""}},"footnotes":""},"class_list":["post-6","page","type-page","status-publish","hentry"],"_links":{"self":[{"href":"https:\/\/hradectanec.cz\/index.php\/wp-json\/wp\/v2\/pages\/6","targetHints":{"allow":["GET"]}}],"collection":[{"href":"https:\/\/hradectanec.cz\/index.php\/wp-json\/wp\/v2\/pages"}],"about":[{"href":"https:\/\/hradectanec.cz\/index.php\/wp-json\/wp\/v2\/types\/page"}],"author":[{"embeddable":true,"href":"https:\/\/hradectanec.cz\/index.php\/wp-json\/wp\/v2\/users\/1"}],"replies":[{"embeddable":true,"href":"https:\/\/hradectanec.cz\/index.php\/wp-json\/wp\/v2\/comments?post=6"}],"version-history":[{"count":21,"href":"https:\/\/hradectanec.cz\/index.php\/wp-json\/wp\/v2\/pages\/6\/revisions"}],"predecessor-version":[{"id":127,"href":"https:\/\/hradectanec.cz\/index.php\/wp-json\/wp\/v2\/pages\/6\/revisions\/127"}],"wp:attachment":[{"href":"https:\/\/hradectanec.cz\/index.php\/wp-json\/wp\/v2\/media?parent=6"}],"curies":[{"name":"wp","href":"https:\/\/api.w.org\/{rel}","templated":true}]}}